{"id":370,"date":"2022-03-15T12:29:16","date_gmt":"2022-03-15T12:29:16","guid":{"rendered":"https:\/\/ausstellung.castioni.ch\/?page_id=370"},"modified":"2024-08-22T11:04:53","modified_gmt":"2024-08-22T11:04:53","slug":"home-2","status":"publish","type":"page","link":"https:\/\/ausstellung.castioni.ch\/","title":{"rendered":"home"},"content":{"rendered":"<p>[et_pb_section fb_built=&#8220;1&#8243; fullwidth=&#8220;on&#8220; custom_padding_last_edited=&#8220;on|phone&#8220; _builder_version=&#8220;4.10.7&#8243; custom_margin=&#8220;0px||||false|false&#8220; custom_margin_tablet=&#8220;&#8220; custom_margin_phone=&#8220;-30px||-30px||false|false&#8220; custom_margin_last_edited=&#8220;on|phone&#8220; custom_padding=&#8220;0px||||false|false&#8220; custom_padding_tablet=&#8220;&#8220; custom_padding_phone=&#8220;0px||||false|false&#8220; global_colors_info=&#8220;{}&#8220;][et_pb_fullwidth_slider _builder_version=&#8220;4.10.7&#8243; header_font_size=&#8220;35px&#8220; background_enable_color=&#8220;off&#8220; custom_padding=&#8220;300px||300px||false|false&#8220; custom_padding_tablet=&#8220;&#8220; custom_padding_phone=&#8220;150px||150px||false|false&#8220; custom_padding_last_edited=&#8220;on|phone&#8220; body_line_height_tablet=&#8220;&#8220; body_line_height_phone=&#8220;1.5em&#8220; body_line_height_last_edited=&#8220;on|phone&#8220; global_colors_info=&#8220;{}&#8220;][et_pb_slide heading=&#8220;CASTIONI PARKETT AG&#8220; _builder_version=&#8220;4.10.7&#8243; header_font=&#8220;Rubik|700|||||||&#8220; header_text_color=&#8220;#FFFFFF&#8220; header_font_size=&#8220;70px&#8220; body_font=&#8220;Rubik||||||||&#8220; body_font_size=&#8220;30px&#8220; background_enable_color=&#8220;off&#8220; use_background_color_gradient=&#8220;on&#8220; background_color_gradient_start=&#8220;rgba(0,0,0,0.22)&#8220; background_color_gradient_end=&#8220;rgba(0,0,0,0.06)&#8220; background_color_gradient_overlays_image=&#8220;on&#8220; background_image=&#8220;https:\/\/ausstellung.castioni.ch\/wp-content\/uploads\/2021\/09\/07_1D91368-1-min-min-1-scaled-1.jpg&#8220; background_enable_image=&#8220;on&#8220; hover_transition_speed_curve=&#8220;linear&#8220; header_font_size_tablet=&#8220;&#8220; header_font_size_phone=&#8220;40px&#8220; header_font_size_last_edited=&#8220;on|phone&#8220; body_line_height_tablet=&#8220;&#8220; body_line_height_phone=&#8220;1.2em&#8220; body_line_height_last_edited=&#8220;on|phone&#8220; header_text_shadow_style=&#8220;preset3&#8243; body_text_shadow_style=&#8220;preset3&#8243; global_colors_info=&#8220;{}&#8220; sticky_transition=&#8220;on&#8220;]<\/p>\n<p><span>Wir realisieren Ihren Lebens(t)raum<\/span><\/p>\n<p>[\/et_pb_slide][et_pb_slide heading=&#8220;CASTIONI PARKETT AG&#8220; _builder_version=&#8220;4.10.7&#8243; header_font=&#8220;Rubik|700|||||||&#8220; header_font_size=&#8220;70px&#8220; body_font=&#8220;Rubik||||||||&#8220; body_font_size=&#8220;30px&#8220; body_line_height=&#8220;1.2em&#8220; background_enable_color=&#8220;off&#8220; use_background_color_gradient=&#8220;on&#8220; background_color_gradient_start=&#8220;rgba(0,0,0,0)&#8220; background_color_gradient_end=&#8220;rgba(0,0,0,0)&#8220; background_color_gradient_overlays_image=&#8220;on&#8220; background_image=&#8220;https:\/\/ausstellung.castioni.ch\/wp-content\/uploads\/2021\/09\/04_1D91372-1-min-min-2-scaled-1.jpg&#8220; background_enable_image=&#8220;on&#8220; header_font_size_tablet=&#8220;&#8220; header_font_size_phone=&#8220;39px&#8220; header_font_size_last_edited=&#8220;on|phone&#8220; header_text_shadow_style=&#8220;preset3&#8243; body_text_shadow_style=&#8220;preset3&#8243; global_colors_info=&#8220;{}&#8220; sticky_transition=&#8220;on&#8220;]<\/p>\n<p>Der Profi f\u00fcr Bodenbel\u00e4ge<\/p>\n<p>[\/et_pb_slide][et_pb_slide heading=&#8220;CASTIONI PARKETT AG&#8220; _builder_version=&#8220;4.10.7&#8243; header_font=&#8220;Rubik|700|||||||&#8220; header_font_size=&#8220;70px&#8220; body_font=&#8220;Rubik||||||||&#8220; body_font_size=&#8220;30px&#8220; body_line_height=&#8220;1.2em&#8220; background_enable_color=&#8220;off&#8220; use_background_color_gradient=&#8220;on&#8220; background_color_gradient_start=&#8220;rgba(0,0,0,0)&#8220; background_color_gradient_end=&#8220;rgba(0,0,0,0.6)&#8220; background_image=&#8220;https:\/\/ausstellung.castioni.ch\/wp-content\/uploads\/2021\/09\/05_1D91367-1-min-min-1-scaled-1.jpg&#8220; background_enable_image=&#8220;on&#8220; header_font_size_tablet=&#8220;&#8220; header_font_size_phone=&#8220;40px&#8220; header_font_size_last_edited=&#8220;on|phone&#8220; header_text_shadow_style=&#8220;preset3&#8243; body_text_shadow_style=&#8220;preset3&#8243; global_colors_info=&#8220;{}&#8220; sticky_transition=&#8220;on&#8220;]<\/p>\n<p>Parkett, Laminat, Vinyl uvm.<\/p>\n<p>[\/et_pb_slide][et_pb_slide heading=&#8220;CASTIONI PARKETT AG&#8220; _builder_version=&#8220;4.10.7&#8243; header_font=&#8220;Rubik|700|||||||&#8220; header_font_size=&#8220;70px&#8220; body_font=&#8220;Rubik||||||||&#8220; body_font_size=&#8220;30px&#8220; body_line_height=&#8220;1.2em&#8220; background_enable_color=&#8220;off&#8220; use_background_color_gradient=&#8220;on&#8220; background_color_gradient_start=&#8220;rgba(0,0,0,0.22)&#8220; background_color_gradient_end=&#8220;rgba(0,0,0,0.6)&#8220; background_image=&#8220;https:\/\/ausstellung.castioni.ch\/wp-content\/uploads\/2021\/09\/04_1D91372-1-min-min-2-scaled-1.jpg&#8220; background_enable_image=&#8220;on&#8220; header_font_size_tablet=&#8220;&#8220; header_font_size_phone=&#8220;40px&#8220; header_font_size_last_edited=&#8220;on|phone&#8220; header_text_shadow_style=&#8220;preset3&#8243; body_text_shadow_style=&#8220;preset3&#8243; global_colors_info=&#8220;{}&#8220; sticky_transition=&#8220;on&#8220;]<\/p>\n<p>365 t\u00e4gige Ausstellung<\/p>\n<p>[\/et_pb_slide][\/et_pb_fullwidth_slider][\/et_pb_section][et_pb_section fb_built=&#8220;1&#8243; admin_label=&#8220;Services Section&#8220; module_id=&#8220;ausstellung&#8220; _builder_version=&#8220;4.4.8&#8243; background_enable_color=&#8220;off&#8220; width=&#8220;100%&#8220; custom_padding=&#8220;60px|0px|60px|0px||&#8220; global_colors_info=&#8220;{}&#8220;][et_pb_row column_structure=&#8220;1_2,1_2&#8243; _builder_version=&#8220;4.4.8&#8243; width_tablet=&#8220;&#8220; width_phone=&#8220;90%&#8220; width_last_edited=&#8220;on|phone&#8220; custom_padding=&#8220;|||&#8220; global_colors_info=&#8220;{}&#8220;][et_pb_column type=&#8220;1_2&#8243; _builder_version=&#8220;3.25&#8243; custom_padding=&#8220;|||&#8220; global_colors_info=&#8220;{}&#8220; custom_padding__hover=&#8220;|||&#8220;][et_pb_text admin_label=&#8220;Title&#8220; _builder_version=&#8220;4.10.7&#8243; text_font=&#8220;Rubik||||||||&#8220; header_font=&#8220;||||||||&#8220; header_2_font=&#8220;Rubik||||||||&#8220; header_2_text_color=&#8220;#000000&#8243; header_2_font_size=&#8220;40px&#8220; header_2_line_height=&#8220;1.5em&#8220; custom_margin=&#8220;|||&#8220; custom_padding=&#8220;|||&#8220; header_2_font_size_tablet=&#8220;35px&#8220; header_2_font_size_phone=&#8220;29px&#8220; header_2_font_size_last_edited=&#8220;on|phone&#8220; header_2_line_height_tablet=&#8220;1em&#8220; header_2_line_height_phone=&#8220;1.4em&#8220; header_2_line_height_last_edited=&#8220;off|desktop&#8220; global_colors_info=&#8220;{}&#8220;]<\/p>\n<h2>Kommen Sie vorbei<\/h2>\n<p>[\/et_pb_text][et_pb_text admin_label=&#8220;Paragraph&#8220; _builder_version=&#8220;4.10.7&#8243; text_font=&#8220;Rubik|300|||||||&#8220; text_text_color=&#8220;#5a5a5a&#8220; text_font_size=&#8220;22px&#8220; text_line_height=&#8220;1.5em&#8220; header_font=&#8220;||||||||&#8220; custom_margin=&#8220;-32px|||||&#8220; hover_enabled=&#8220;0&#8243; global_colors_info=&#8220;{}&#8220; sticky_enabled=&#8220;0&#8243;]<\/p>\n<div class=\"page\" title=\"Page 2\">\n<div class=\"section\">\n<div class=\"layoutArea\">\n<div class=\"column\">\n<p><span>Besuchen Sie unsere Ausstellung wa\u0308hrend 365 Tagen &#8211; ohne Anmeldung, aber auch ohne perso\u0308nliche Beratung.<br \/>Sie ko\u0308nnen alle Muster von Parkett, Laminat und Vinyl anschauen und vergleichen. <\/span><\/p>\n<p><span>Nehmen Sie sich einen Kaffee oder ein Getra\u0308nk und lassen Sie sich unbeschwert in Ruhe von den verschiedenen Bodenbela\u0308gen inspirieren. <\/span><\/p>\n<p><span>O\u0308ffnungszeiten:<br \/>Ta\u0308glich geo\u0308ffnet, jeweils von 07:00 &#8211; 22:00 Uhr <\/span><\/p>\n<p><a href=\"mailto:info@castioni.ch\"><span style=\"text-decoration: underline;\">Wu\u0308nschen Sie eine perso\u0308nliche Beratung, dann vereinbaren Sie mit uns einen Termin. <\/span><\/a><\/p>\n<\/div>\n<\/div>\n<\/div>\n<\/div>\n<p>[\/et_pb_text][et_pb_button button_url=&#8220;https:\/\/goo.gl\/maps\/Q9B9wnRFwvDi3oVP7&#8243; url_new_window=&#8220;on&#8220; button_text=&#8220;Hier befindet sich unsere ausstellung&#8220; button_alignment=&#8220;left&#8220; button_alignment_tablet=&#8220;&#8220; button_alignment_phone=&#8220;center&#8220; button_alignment_last_edited=&#8220;on|phone&#8220; admin_label=&#8220;CTA Button&#8220; _builder_version=&#8220;4.10.7&#8243; custom_button=&#8220;on&#8220; button_text_size=&#8220;14px&#8220; button_text_color=&#8220;#FFFFFF&#8220; button_bg_color=&#8220;#000000&#8243; button_border_width=&#8220;12px&#8220; button_border_color=&#8220;#000000&#8243; button_border_radius=&#8220;0px&#8220; button_letter_spacing=&#8220;0px&#8220; button_font=&#8220;Montserrat|700||on|||||&#8220; custom_margin=&#8220;30px||40px|||&#8220; custom_padding=&#8220;|||&#8220; button_border_radius_hover=&#8220;4px&#8220; global_colors_info=&#8220;{}&#8220; button_text_size__hover_enabled=&#8220;off&#8220; button_one_text_size__hover_enabled=&#8220;off&#8220; button_two_text_size__hover_enabled=&#8220;off&#8220; button_text_color__hover_enabled=&#8220;off&#8220; button_one_text_color__hover_enabled=&#8220;off&#8220; button_two_text_color__hover_enabled=&#8220;off&#8220; button_border_width__hover_enabled=&#8220;off&#8220; button_one_border_width__hover_enabled=&#8220;off&#8220; button_two_border_width__hover_enabled=&#8220;off&#8220; button_border_color__hover_enabled=&#8220;off&#8220; button_one_border_color__hover_enabled=&#8220;off&#8220; button_two_border_color__hover_enabled=&#8220;off&#8220; button_border_radius__hover_enabled=&#8220;on&#8220; button_border_radius__hover=&#8220;4px&#8220; button_one_border_radius__hover_enabled=&#8220;off&#8220; button_two_border_radius__hover_enabled=&#8220;off&#8220; button_letter_spacing__hover_enabled=&#8220;off&#8220; button_one_letter_spacing__hover_enabled=&#8220;off&#8220; button_two_letter_spacing__hover_enabled=&#8220;off&#8220; button_bg_color__hover_enabled=&#8220;off&#8220; button_one_bg_color__hover_enabled=&#8220;off&#8220; button_two_bg_color__hover_enabled=&#8220;off&#8220;][\/et_pb_button][\/et_pb_column][et_pb_column type=&#8220;1_2&#8243; _builder_version=&#8220;3.25&#8243; custom_padding=&#8220;|||&#8220; global_colors_info=&#8220;{}&#8220; custom_padding__hover=&#8220;|||&#8220;][et_pb_image src=&#8220;https:\/\/ausstellung.castioni.ch\/wp-content\/uploads\/2021\/09\/02_GH017030-min.jpg&#8220; title_text=&#8220;02_GH017030-min&#8220; _builder_version=&#8220;4.4.8&#8243; box_shadow_style=&#8220;preset3&#8243; global_colors_info=&#8220;{}&#8220;][\/et_pb_image][et_pb_gallery gallery_ids=&#8220;69,65,67,66&#8243; show_title_and_caption=&#8220;off&#8220; show_pagination=&#8220;off&#8220; zoom_icon_color=&#8220;#000000&#8243; _builder_version=&#8220;4.10.7&#8243; global_colors_info=&#8220;{}&#8220;][\/et_pb_gallery][\/et_pb_column][\/et_pb_row][\/et_pb_section][et_pb_section fb_built=&#8220;1&#8243; admin_label=&#8220;Services Section&#8220; module_id=&#8220;standort&#8220; _builder_version=&#8220;4.10.7&#8243; background_color=&#8220;rgba(0,0,0,0.03)&#8220; width=&#8220;100%&#8220; custom_margin=&#8220;||0px||false|false&#8220; custom_padding=&#8220;60px|0px|60px|0px|false|false&#8220; global_colors_info=&#8220;{}&#8220;][et_pb_row column_structure=&#8220;1_2,1_2&#8243; _builder_version=&#8220;4.4.8&#8243; width_tablet=&#8220;&#8220; width_phone=&#8220;90%&#8220; width_last_edited=&#8220;on|phone&#8220; global_colors_info=&#8220;{}&#8220;][et_pb_column type=&#8220;1_2&#8243; _builder_version=&#8220;4.4.8&#8243; global_colors_info=&#8220;{}&#8220;][et_pb_text admin_label=&#8220;Title&#8220; _builder_version=&#8220;4.10.7&#8243; text_font=&#8220;Rubik||||||||&#8220; header_font=&#8220;||||||||&#8220; header_font_size=&#8220;29px&#8220; header_2_font=&#8220;Rubik||||||||&#8220; header_2_text_color=&#8220;#000000&#8243; header_2_font_size=&#8220;40px&#8220; header_2_line_height=&#8220;1.5em&#8220; custom_margin=&#8220;||-3px|||&#8220; custom_padding=&#8220;|||&#8220; header_2_font_size_tablet=&#8220;35px&#8220; header_2_font_size_phone=&#8220;29px&#8220; header_2_font_size_last_edited=&#8220;on|phone&#8220; header_2_line_height_tablet=&#8220;1em&#8220; header_2_line_height_phone=&#8220;1.4em&#8220; header_2_line_height_last_edited=&#8220;off|desktop&#8220; global_colors_info=&#8220;{}&#8220;]<\/p>\n<h2>Hier finden Sie uns<\/h2>\n<p>[\/et_pb_text][et_pb_blurb url=&#8220;https:\/\/www.google.com\/maps\/place\/Br%C3%BChlstrasse+11,+4107+Ettingen,+Schweiz\/@47.4846076,7.5355393,17z\/data=!3m1!4b1!4m5!3m4!1s0x4791c7185d734a75:0x13cf47e1ae887a11!8m2!3d47.4846076!4d7.537728&#8243; url_new_window=&#8220;on&#8220; use_icon=&#8220;on&#8220; font_icon=&#8220;%%236%%&#8220; icon_color=&#8220;#FFFFFF&#8220; use_circle=&#8220;on&#8220; circle_color=&#8220;#000000&#8243; icon_placement=&#8220;left&#8220; use_icon_font_size=&#8220;on&#8220; icon_font_size=&#8220;25px&#8220; _builder_version=&#8220;4.10.7&#8243; header_font=&#8220;Rubik|300|||||||&#8220; header_text_color=&#8220;#82786e&#8220; header_font_size=&#8220;19px&#8220; header_line_height=&#8220;2.6em&#8220; body_font=&#8220;Rubik|300|||||||&#8220; body_text_color=&#8220;#5a5a5a&#8220; body_font_size=&#8220;20px&#8220; body_line_height=&#8220;2.6em&#8220; body_link_text_color=&#8220;#5a5a5a&#8220; custom_margin=&#8220;10px||10px|-253px|false|false&#8220; custom_padding=&#8220;||11px|254px|false|false&#8220; body_font_size_tablet=&#8220;&#8220; body_font_size_phone=&#8220;19px&#8220; body_font_size_last_edited=&#8220;on|phone&#8220; global_colors_info=&#8220;{}&#8220;]<a href=\"https:\/\/www.google.com\/maps\/place\/Br%C3%BChlstrasse+11,+4107+Ettingen,+Schweiz\/@47.4846076,7.5355393,17z\/data=!3m1!4b1!4m5!3m4!1s0x4791c7185d734a75:0x13cf47e1ae887a11!8m2!3d47.4846076!4d7.537728\" target=\"_blank\" rel=\"noopener noreferrer\">Br\u00fchlstr. 11, 4107 Ettingen, BL<\/a>[\/et_pb_blurb][et_pb_blurb use_icon=&#8220;on&#8220; font_icon=&#8220;%%238%%&#8220; icon_color=&#8220;#FFFFFF&#8220; use_circle=&#8220;on&#8220; circle_color=&#8220;#000000&#8243; icon_placement=&#8220;left&#8220; use_icon_font_size=&#8220;on&#8220; icon_font_size=&#8220;25px&#8220; _builder_version=&#8220;4.10.7&#8243; header_font=&#8220;Rubik|300|||||||&#8220; header_text_color=&#8220;#82786e&#8220; header_font_size=&#8220;23px&#8220; header_line_height=&#8220;2.6em&#8220; body_font=&#8220;Rubik|300|||||||&#8220; body_text_color=&#8220;#5a5a5a&#8220; body_font_size=&#8220;20px&#8220; body_line_height=&#8220;2.6em&#8220; body_link_text_color=&#8220;#5a5a5a&#8220; custom_margin=&#8220;10px||-1px|-253px|false|false&#8220; custom_padding=&#8220;||0px|254px|false|false&#8220; custom_padding_tablet=&#8220;&#8220; custom_padding_phone=&#8220;||10px||false|false&#8220; custom_padding_last_edited=&#8220;on|phone&#8220; body_font_size_tablet=&#8220;&#8220; body_font_size_phone=&#8220;19px&#8220; body_font_size_last_edited=&#8220;on|phone&#8220; global_colors_info=&#8220;{}&#8220;]<a href=\"mailto: info@castioni.ch\">info@castioni.ch<\/a>[\/et_pb_blurb][et_pb_blurb use_icon=&#8220;on&#8220; font_icon=&#8220;%%264%%&#8220; icon_color=&#8220;#FFFFFF&#8220; use_circle=&#8220;on&#8220; circle_color=&#8220;#000000&#8243; icon_placement=&#8220;left&#8220; use_icon_font_size=&#8220;on&#8220; icon_font_size=&#8220;25px&#8220; _builder_version=&#8220;4.10.7&#8243; header_font=&#8220;Rubik|300|||||||&#8220; header_text_color=&#8220;#82786e&#8220; header_font_size=&#8220;23px&#8220; header_line_height=&#8220;2.6em&#8220; body_font=&#8220;Rubik|300|||||||&#8220; body_text_color=&#8220;#5a5a5a&#8220; body_font_size=&#8220;20px&#8220; body_line_height=&#8220;2.6em&#8220; custom_margin=&#8220;23px||10px|-253px|false|false&#8220; custom_padding=&#8220;||0px|254px|false|false&#8220; body_font_size_tablet=&#8220;&#8220; body_font_size_phone=&#8220;19px&#8220; body_font_size_last_edited=&#8220;on|phone&#8220; global_colors_info=&#8220;{}&#8220;]+41 61 722 00 02[\/et_pb_blurb][et_pb_text _builder_version=&#8220;4.10.7&#8243; header_3_font=&#8220;Rubik||||||||&#8220; header_3_text_color=&#8220;#000000&#8243; header_3_font_size=&#8220;26px&#8220; custom_margin=&#8220;34px|||||&#8220; custom_margin_tablet=&#8220;&#8220; custom_margin_phone=&#8220;&#8220; custom_margin_last_edited=&#8220;on|phone&#8220; custom_padding_tablet=&#8220;&#8220; custom_padding_phone=&#8220;15px||||false|false&#8220; custom_padding_last_edited=&#8220;on|phone&#8220; global_colors_info=&#8220;{}&#8220;]<\/p>\n<h3>\u00d6ffnungszeiten:<\/h3>\n<p>[\/et_pb_text][et_pb_text admin_label=&#8220;Paragraph&#8220; _builder_version=&#8220;4.10.7&#8243; text_font=&#8220;Rubik|300|||||||&#8220; text_text_color=&#8220;#5a5a5a&#8220; text_font_size=&#8220;22px&#8220; text_line_height=&#8220;1.5em&#8220; header_font=&#8220;||||||||&#8220; custom_margin=&#8220;-25px||37px|||&#8220; global_colors_info=&#8220;{}&#8220;]<\/p>\n<p class=\"p1\">T\u00e4glich ge\u00f6ffnet, jeweils von 07:00 &#8211; 22:00 Uhr<\/p>\n<p>[\/et_pb_text][\/et_pb_column][et_pb_column type=&#8220;1_2&#8243; _builder_version=&#8220;4.4.8&#8243; global_colors_info=&#8220;{}&#8220;][et_pb_image src=&#8220;https:\/\/ausstellung.castioni.ch\/wp-content\/uploads\/2021\/09\/01_GH017033_2-min.jpg&#8220; title_text=&#8220;01_GH017033_2-min&#8220; _builder_version=&#8220;4.4.8&#8243; box_shadow_style=&#8220;preset3&#8243; global_colors_info=&#8220;{}&#8220;][\/et_pb_image][\/et_pb_column][\/et_pb_row][\/et_pb_section][et_pb_section fb_built=&#8220;1&#8243; admin_label=&#8220;Services Section&#8220; module_id=&#8220;beratung&#8220; _builder_version=&#8220;4.4.8&#8243; background_enable_color=&#8220;off&#8220; width=&#8220;100%&#8220; custom_padding=&#8220;60px|0px|60px|0px||&#8220; global_colors_info=&#8220;{}&#8220;][et_pb_row column_structure=&#8220;1_2,1_2&#8243; module_id=&#8220;beratung&#8220; _builder_version=&#8220;4.4.8&#8243; width_tablet=&#8220;&#8220; width_phone=&#8220;90%&#8220; width_last_edited=&#8220;on|phone&#8220; global_colors_info=&#8220;{}&#8220;][et_pb_column type=&#8220;1_2&#8243; _builder_version=&#8220;4.4.8&#8243; global_colors_info=&#8220;{}&#8220;][et_pb_image src=&#8220;https:\/\/ausstellung.castioni.ch\/wp-content\/uploads\/2021\/09\/06_1D91374-1-min-scaled-1.jpg&#8220; title_text=&#8220;06_1D91374-1-min&#8220; _builder_version=&#8220;4.4.8&#8243; box_shadow_style=&#8220;preset3&#8243; global_colors_info=&#8220;{}&#8220;][\/et_pb_image][\/et_pb_column][et_pb_column type=&#8220;1_2&#8243; _builder_version=&#8220;4.4.8&#8243; global_colors_info=&#8220;{}&#8220;][et_pb_text admin_label=&#8220;Title&#8220; _builder_version=&#8220;4.10.7&#8243; text_font=&#8220;Rubik||||||||&#8220; header_font=&#8220;||||||||&#8220; header_2_font=&#8220;Rubik||||||||&#8220; header_2_text_color=&#8220;#000000&#8243; header_2_font_size=&#8220;40px&#8220; header_2_line_height=&#8220;1.5em&#8220; custom_margin=&#8220;|||&#8220; custom_padding=&#8220;|||&#8220; header_2_font_size_tablet=&#8220;35px&#8220; header_2_font_size_phone=&#8220;29px&#8220; header_2_font_size_last_edited=&#8220;on|phone&#8220; header_2_line_height_tablet=&#8220;1em&#8220; header_2_line_height_phone=&#8220;1.4em&#8220; header_2_line_height_last_edited=&#8220;off|desktop&#8220; global_colors_info=&#8220;{}&#8220;]<\/p>\n<h2>Pers\u00f6nliche Beratung?<\/h2>\n<p>[\/et_pb_text][et_pb_text admin_label=&#8220;Paragraph&#8220; _builder_version=&#8220;4.10.7&#8243; text_font=&#8220;Rubik|300|||||||&#8220; text_text_color=&#8220;#5a5a5a&#8220; text_font_size=&#8220;20px&#8220; text_line_height=&#8220;1.5em&#8220; header_font=&#8220;||||||||&#8220; custom_margin=&#8220;-32px|||||&#8220; global_colors_info=&#8220;{}&#8220;]<\/p>\n<p class=\"p1\">Vereinbaren Sie mit unserem Berater einen Termin.<\/p>\n<p class=\"p1\">In der Ausstellung finden Sie ein Formular f\u00fcr einen Termin oder rufen Sie uns an: <a href=\"tel:061 722 00 02 \">061 722 00 02<\/a><\/p>\n<p class=\"p1\">Wir freuen uns auf Ihren Anruf.<\/p>\n<p>[\/et_pb_text][et_pb_text admin_label=&#8220;Paragraph&#8220; _builder_version=&#8220;4.10.7&#8243; text_font=&#8220;Rubik|300|||||||&#8220; text_text_color=&#8220;#5a5a5a&#8220; text_font_size=&#8220;20px&#8220; text_line_height=&#8220;1.5em&#8220; header_font=&#8220;||||||||&#8220; custom_margin=&#8220;-25px||37px|||&#8220; global_colors_info=&#8220;{}&#8220;]<\/p>\n<p class=\"p1\">B\u00fcro Montag bis Freitag ge\u00f6ffnet von<br \/>\n08:00 &#8211; 12:00 Uhr<\/p>\n<p>[\/et_pb_text][\/et_pb_column][\/et_pb_row][\/et_pb_section]<\/p>\n","protected":false},"excerpt":{"rendered":"<p>Wir realisieren Ihren Lebens(t)raumDer Profi f\u00fcr Bodenbel\u00e4geParkett, Laminat, Vinyl uvm.365 t\u00e4gige AusstellungKommen Sie vorbei Besuchen Sie unsere Ausstellung wa\u0308hrend 365 Tagen &#8211; ohne Anmeldung, aber auch ohne perso\u0308nliche Beratung.Sie ko\u0308nnen alle Muster von Parkett, Laminat und Vinyl anschauen und vergleichen. Nehmen Sie sich einen Kaffee oder ein Getra\u0308nk und lassen Sie sich unbeschwert in Ruhe [&hellip;]<\/p>\n","protected":false},"author":2,"featured_media":0,"parent":0,"menu_order":0,"comment_status":"closed","ping_status":"closed","template":"","meta":{"_et_pb_use_builder":"on","_et_pb_old_content":"<!-- wp:divi\/placeholder \/-->","_et_gb_content_width":"","footnotes":""},"class_list":["post-370","page","type-page","status-publish","hentry"],"_links":{"self":[{"href":"https:\/\/ausstellung.castioni.ch\/index.php?rest_route=\/wp\/v2\/pages\/370"}],"collection":[{"href":"https:\/\/ausstellung.castioni.ch\/index.php?rest_route=\/wp\/v2\/pages"}],"about":[{"href":"https:\/\/ausstellung.castioni.ch\/index.php?rest_route=\/wp\/v2\/types\/page"}],"author":[{"embeddable":true,"href":"https:\/\/ausstellung.castioni.ch\/index.php?rest_route=\/wp\/v2\/users\/2"}],"replies":[{"embeddable":true,"href":"https:\/\/ausstellung.castioni.ch\/index.php?rest_route=%2Fwp%2Fv2%2Fcomments&post=370"}],"version-history":[{"count":39,"href":"https:\/\/ausstellung.castioni.ch\/index.php?rest_route=\/wp\/v2\/pages\/370\/revisions"}],"predecessor-version":[{"id":493,"href":"https:\/\/ausstellung.castioni.ch\/index.php?rest_route=\/wp\/v2\/pages\/370\/revisions\/493"}],"wp:attachment":[{"href":"https:\/\/ausstellung.castioni.ch\/index.php?rest_route=%2Fwp%2Fv2%2Fmedia&parent=370"}],"curies":[{"name":"wp","href":"https:\/\/api.w.org\/{rel}","templated":true}]}}